{"id":7,"date":"2026-03-03T15:37:58","date_gmt":"2026-03-03T15:37:58","guid":{"rendered":"https:\/\/www.nerla.de\/?page_id=7"},"modified":"2026-03-04T07:42:35","modified_gmt":"2026-03-04T07:42:35","slug":"tierkommunikation","status":"publish","type":"page","link":"https:\/\/www.nerla.de\/","title":{"rendered":"Tierkommunikation"},"content":{"rendered":"\n<p class=\"has-text-align-center is-style-text-subtitle has-large-font-size is-style-text-subtitle--1\" style=\"margin-top:var(--wp--preset--spacing--40);margin-right:var(--wp--preset--spacing--20);margin-bottom:var(--wp--preset--spacing--40);margin-left:var(--wp--preset--spacing--20)\">&#8230;<strong>wenn Tiere sprechen und Menschen zuh\u00f6ren lernen<\/strong><\/p>\n\n\n\n<div style=\"height:22px\" aria-hidden=\"true\" class=\"wp-block-spacer\"><\/div>\n\n\n\n<figure class=\"wp-block-image size-full\"><img loading=\"lazy\" decoding=\"async\" width=\"1024\" height=\"683\" src=\"https:\/\/www.nerla.de\/wp-content\/uploads\/2026\/02\/Eselspiel-jpeg.jpg\" alt=\"\" class=\"wp-image-56\" style=\"aspect-ratio:16\/9;object-fit:cover\" srcset=\"https:\/\/www.nerla.de\/wp-content\/uploads\/2026\/02\/Eselspiel-jpeg.jpg 1024w, https:\/\/www.nerla.de\/wp-content\/uploads\/2026\/02\/Eselspiel-jpeg-300x200.jpg 300w, https:\/\/www.nerla.de\/wp-content\/uploads\/2026\/02\/Eselspiel-jpeg-768x512.jpg 768w\" sizes=\"auto, (max-width: 1024px) 100vw, 1024px\" \/><\/figure>\n\n\n\n<div style=\"height:31px\" aria-hidden=\"true\" class=\"wp-block-spacer\"><\/div>\n\n\n\n<p>An Menschen, die verstehen m\u00f6chten, was ihre Tiere bewegt- in Zeiten von Gesundheit,Ver\u00e4nderung und Abschied&#8230;und dabei sich selbst besser kennenlernen m\u00f6chten.<\/p>\n\n\n\n<p>Wenn du dich hier wiederfindest, la\u00df dir Zeit &#8230;und bleibe.<\/p>\n\n\n\n<div style=\"height:65px\" aria-hidden=\"true\" class=\"wp-block-spacer\"><\/div>\n\n\n\n<h2 class=\"wp-block-heading\" style=\"margin-right:var(--wp--preset--spacing--30);margin-left:var(--wp--preset--spacing--30)\"><a href=\"https:\/\/www.nerla.de\/index.php\/tierkommunikation-abc\/\" data-type=\"page\" data-id=\"29\">Tierkommunikations-ABC<\/a><\/h2>\n\n\n\n<p>Gesundheit-Verhalten-Begleitung<\/p>\n\n\n\n<div style=\"height:12px\" aria-hidden=\"true\" class=\"wp-block-spacer\"><\/div>\n\n\n\n<h2 class=\"wp-block-heading\" style=\"margin-top:0;margin-right:var(--wp--preset--spacing--30);margin-bottom:0;margin-left:var(--wp--preset--spacing--30)\"><a href=\"https:\/\/www.nerla.de\/index.php\/sterbebegleitung\/\" data-type=\"page\" data-id=\"32\">Sterbebegleitung<\/a><\/h2>\n\n\n\n<p>Einf\u00fchlsame Begleitung f\u00fcr Tiere und ihre Menschen im letzten Lebensabschnitt<\/p>\n\n\n\n<div style=\"height:11px\" aria-hidden=\"true\" class=\"wp-block-spacer\"><\/div>\n\n\n\n<h2 class=\"wp-block-heading\" style=\"margin-top:0;margin-right:var(--wp--preset--spacing--30);margin-bottom:0;margin-left:var(--wp--preset--spacing--30)\"><a href=\"https:\/\/www.nerla.de\/index.php\/tierseelenbilder\/\" data-type=\"page\" data-id=\"35\">Tierseelenbilder<\/a><\/h2>\n\n\n\n<p>Zeitpunkte<\/p>\n\n\n\n<div style=\"height:11px\" aria-hidden=\"true\" class=\"wp-block-spacer\"><\/div>\n\n\n\n<h2 class=\"wp-block-heading\"><a href=\"https:\/\/www.nerla.de\/index.php\/ueber-mich\/\" data-type=\"page\" data-id=\"121\">\u00dcber mich<\/a><\/h2>\n\n\n\n<div style=\"height:33px\" aria-hidden=\"true\" class=\"wp-block-spacer\"><\/div>\n\n\n\n<h2 class=\"wp-block-heading\"><a href=\"https:\/\/www.nerla.de\/index.php\/kontakt\/\" data-type=\"page\" data-id=\"114\">Kontakt<\/a><\/h2>\n","protected":false},"excerpt":{"rendered":"<p>&#8230;wenn Tiere sprechen und Menschen zuh\u00f6ren lernen An Menschen, die verstehen m\u00f6chten, was ihre Tiere bewegt- in Zeiten von Gesundheit,Ver\u00e4nderung und Abschied&#8230;und dabei sich selbst besser kennenlernen m\u00f6chten. Wenn du dich hier wiederfindest, la\u00df dir Zeit &#8230;und bleibe. Tierkommunikations-ABC Gesundheit-Verhalten-Begleitung Sterbebegleitung Einf\u00fchlsame Begleitung f\u00fcr Tiere und ihre Menschen im letzten Lebensabschnitt Tierseelenbilder Zeitpunkte \u00dcber mich [&hellip;]<\/p>\n","protected":false},"author":1,"featured_media":0,"parent":0,"menu_order":0,"comment_status":"closed","ping_status":"closed","template":"","meta":{"footnotes":""},"class_list":["post-7","page","type-page","status-publish","hentry"],"_links":{"self":[{"href":"https:\/\/www.nerla.de\/index.php\/wp-json\/wp\/v2\/pages\/7","targetHints":{"allow":["GET"]}}],"collection":[{"href":"https:\/\/www.nerla.de\/index.php\/wp-json\/wp\/v2\/pages"}],"about":[{"href":"https:\/\/www.nerla.de\/index.php\/wp-json\/wp\/v2\/types\/page"}],"author":[{"embeddable":true,"href":"https:\/\/www.nerla.de\/index.php\/wp-json\/wp\/v2\/users\/1"}],"replies":[{"embeddable":true,"href":"https:\/\/www.nerla.de\/index.php\/wp-json\/wp\/v2\/comments?post=7"}],"version-history":[{"count":50,"href":"https:\/\/www.nerla.de\/index.php\/wp-json\/wp\/v2\/pages\/7\/revisions"}],"predecessor-version":[{"id":194,"href":"https:\/\/www.nerla.de\/index.php\/wp-json\/wp\/v2\/pages\/7\/revisions\/194"}],"wp:attachment":[{"href":"https:\/\/www.nerla.de\/index.php\/wp-json\/wp\/v2\/media?parent=7"}],"curies":[{"name":"wp","href":"https:\/\/api.w.org\/{rel}","templated":true}]}}